{"id":7014,"date":"2023-09-04T05:38:05","date_gmt":"2023-09-04T05:38:05","guid":{"rendered":"https:\/\/hubo-sports.com\/?post_type=product&#038;p=7014"},"modified":"2023-09-07T08:07:36","modified_gmt":"2023-09-07T08:07:36","slug":"kf-6-kids-swimming-products-diving-equipment-silicone-full-face-snorkel-mask","status":"publish","type":"product","link":"https:\/\/hubo-sports.com\/pt\/product\/kf-6-kids-swimming-products-diving-equipment-silicone-full-face-snorkel-mask\/","title":{"rendered":"HB-KF-6 Produtos de nata\u00e7\u00e3o para crian\u00e7as Equipamento de mergulho M\u00e1scara de mergulho de silicone com snorkel facial completo"},"content":{"rendered":"","protected":false},"featured_media":7138,"template":"","products_category":[16],"class_list":["post-7014","product","type-product","status-publish","has-post-thumbnail","hentry","products_category-snorkel-masks"],"acf":[],"yoast_head":"<!-- This site is optimized with the Yoast SEO plugin v27.3 - https:\/\/yoast.com\/product\/yoast-seo-wordpress\/ -->\n<title>HB-KF-6 Kids swimming products diving equipment silicone full face snorkel mask - Hubo<\/title>\n<meta name=\"robots\" content=\"index, follow, max-snippet:-1, max-image-preview:large, max-video-preview:-1\" \/>\n<link rel=\"canonical\" href=\"https:\/\/hubo-sports.com\/pt\/product\/kf-6-kids-swimming-products-diving-equipment-silicone-full-face-snorkel-mask\/\" \/>\n<meta property=\"og:locale\" content=\"pt_PT\" \/>\n<meta property=\"og:type\" content=\"article\" \/>\n<meta property=\"og:title\" content=\"HB-KF-6 Kids swimming products diving equipment silicone full face snorkel mask - Hubo\" \/>\n<meta property=\"og:url\" content=\"https:\/\/hubo-sports.com\/pt\/product\/kf-6-kids-swimming-products-diving-equipment-silicone-full-face-snorkel-mask\/\" \/>\n<meta property=\"og:site_name\" content=\"Hubo\" \/>\n<meta property=\"article:modified_time\" content=\"2023-09-07T08:07:36+00:00\" \/>\n<meta property=\"og:image\" content=\"https:\/\/hubo-sports.com\/wp-content\/uploads\/2023\/09\/\u65b9\u5411\u6362\u671d\u5de6.jpg\" \/>\n\t<meta property=\"og:image:width\" content=\"800\" \/>\n\t<meta property=\"og:image:height\" content=\"800\" \/>\n\t<meta property=\"og:image:type\" content=\"image\/jpeg\" \/>\n<meta name=\"twitter:card\" content=\"summary_large_image\" \/>\n<script type=\"application\/ld+json\" class=\"yoast-schema-graph\">{\"@context\":\"https:\\\/\\\/schema.org\",\"@graph\":[{\"@type\":\"WebPage\",\"@id\":\"https:\\\/\\\/hubo-sports.com\\\/product\\\/kf-6-kids-swimming-products-diving-equipment-silicone-full-face-snorkel-mask\\\/\",\"url\":\"https:\\\/\\\/hubo-sports.com\\\/product\\\/kf-6-kids-swimming-products-diving-equipment-silicone-full-face-snorkel-mask\\\/\",\"name\":\"HB-KF-6 Kids swimming products diving equipment silicone full face snorkel mask - Hubo\",\"isPartOf\":{\"@id\":\"https:\\\/\\\/hubo-sports.com\\\/#website\"},\"primaryImageOfPage\":{\"@id\":\"https:\\\/\\\/hubo-sports.com\\\/product\\\/kf-6-kids-swimming-products-diving-equipment-silicone-full-face-snorkel-mask\\\/#primaryimage\"},\"image\":{\"@id\":\"https:\\\/\\\/hubo-sports.com\\\/product\\\/kf-6-kids-swimming-products-diving-equipment-silicone-full-face-snorkel-mask\\\/#primaryimage\"},\"thumbnailUrl\":\"https:\\\/\\\/hubo-sports.com\\\/wp-content\\\/uploads\\\/2023\\\/09\\\/\u65b9\u5411\u6362\u671d\u5de6.jpg\",\"datePublished\":\"2023-09-04T05:38:05+00:00\",\"dateModified\":\"2023-09-07T08:07:36+00:00\",\"breadcrumb\":{\"@id\":\"https:\\\/\\\/hubo-sports.com\\\/product\\\/kf-6-kids-swimming-products-diving-equipment-silicone-full-face-snorkel-mask\\\/#breadcrumb\"},\"inLanguage\":\"pt-PT\",\"potentialAction\":[{\"@type\":\"ReadAction\",\"target\":[\"https:\\\/\\\/hubo-sports.com\\\/product\\\/kf-6-kids-swimming-products-diving-equipment-silicone-full-face-snorkel-mask\\\/\"]}]},{\"@type\":\"ImageObject\",\"inLanguage\":\"pt-PT\",\"@id\":\"https:\\\/\\\/hubo-sports.com\\\/product\\\/kf-6-kids-swimming-products-diving-equipment-silicone-full-face-snorkel-mask\\\/#primaryimage\",\"url\":\"https:\\\/\\\/hubo-sports.com\\\/wp-content\\\/uploads\\\/2023\\\/09\\\/\u65b9\u5411\u6362\u671d\u5de6.jpg\",\"contentUrl\":\"https:\\\/\\\/hubo-sports.com\\\/wp-content\\\/uploads\\\/2023\\\/09\\\/\u65b9\u5411\u6362\u671d\u5de6.jpg\",\"width\":800,\"height\":800},{\"@type\":\"BreadcrumbList\",\"@id\":\"https:\\\/\\\/hubo-sports.com\\\/product\\\/kf-6-kids-swimming-products-diving-equipment-silicone-full-face-snorkel-mask\\\/#breadcrumb\",\"itemListElement\":[{\"@type\":\"ListItem\",\"position\":1,\"name\":\"\u9996\u9875\",\"item\":\"https:\\\/\\\/hubo-sports.com\\\/\"},{\"@type\":\"ListItem\",\"position\":2,\"name\":\"Product\",\"item\":\"https:\\\/\\\/hubosports.wxkntest.com\\\/product\\\/\"},{\"@type\":\"ListItem\",\"position\":3,\"name\":\"HB-KF-6 Kids swimming products diving equipment silicone full face snorkel mask\"}]},{\"@type\":\"WebSite\",\"@id\":\"https:\\\/\\\/hubo-sports.com\\\/#website\",\"url\":\"https:\\\/\\\/hubo-sports.com\\\/\",\"name\":\"Hubo\",\"description\":\"\",\"potentialAction\":[{\"@type\":\"SearchAction\",\"target\":{\"@type\":\"EntryPoint\",\"urlTemplate\":\"https:\\\/\\\/hubo-sports.com\\\/?s={search_term_string}\"},\"query-input\":{\"@type\":\"PropertyValueSpecification\",\"valueRequired\":true,\"valueName\":\"search_term_string\"}}],\"inLanguage\":\"pt-PT\"}]}<\/script>\n<!-- \/ Yoast SEO plugin. -->","yoast_head_json":{"title":"HB-KF-6 Kids swimming products diving equipment silicone full face snorkel mask - Hubo","robots":{"index":"index","follow":"follow","max-snippet":"max-snippet:-1","max-image-preview":"max-image-preview:large","max-video-preview":"max-video-preview:-1"},"canonical":"https:\/\/hubo-sports.com\/pt\/product\/kf-6-kids-swimming-products-diving-equipment-silicone-full-face-snorkel-mask\/","og_locale":"pt_PT","og_type":"article","og_title":"HB-KF-6 Kids swimming products diving equipment silicone full face snorkel mask - Hubo","og_url":"https:\/\/hubo-sports.com\/pt\/product\/kf-6-kids-swimming-products-diving-equipment-silicone-full-face-snorkel-mask\/","og_site_name":"Hubo","article_modified_time":"2023-09-07T08:07:36+00:00","og_image":[{"width":800,"height":800,"url":"https:\/\/hubo-sports.com\/wp-content\/uploads\/2023\/09\/\u65b9\u5411\u6362\u671d\u5de6.jpg","type":"image\/jpeg"}],"twitter_card":"summary_large_image","schema":{"@context":"https:\/\/schema.org","@graph":[{"@type":"WebPage","@id":"https:\/\/hubo-sports.com\/product\/kf-6-kids-swimming-products-diving-equipment-silicone-full-face-snorkel-mask\/","url":"https:\/\/hubo-sports.com\/product\/kf-6-kids-swimming-products-diving-equipment-silicone-full-face-snorkel-mask\/","name":"HB-KF-6 Kids swimming products diving equipment silicone full face snorkel mask - Hubo","isPartOf":{"@id":"https:\/\/hubo-sports.com\/#website"},"primaryImageOfPage":{"@id":"https:\/\/hubo-sports.com\/product\/kf-6-kids-swimming-products-diving-equipment-silicone-full-face-snorkel-mask\/#primaryimage"},"image":{"@id":"https:\/\/hubo-sports.com\/product\/kf-6-kids-swimming-products-diving-equipment-silicone-full-face-snorkel-mask\/#primaryimage"},"thumbnailUrl":"https:\/\/hubo-sports.com\/wp-content\/uploads\/2023\/09\/\u65b9\u5411\u6362\u671d\u5de6.jpg","datePublished":"2023-09-04T05:38:05+00:00","dateModified":"2023-09-07T08:07:36+00:00","breadcrumb":{"@id":"https:\/\/hubo-sports.com\/product\/kf-6-kids-swimming-products-diving-equipment-silicone-full-face-snorkel-mask\/#breadcrumb"},"inLanguage":"pt-PT","potentialAction":[{"@type":"ReadAction","target":["https:\/\/hubo-sports.com\/product\/kf-6-kids-swimming-products-diving-equipment-silicone-full-face-snorkel-mask\/"]}]},{"@type":"ImageObject","inLanguage":"pt-PT","@id":"https:\/\/hubo-sports.com\/product\/kf-6-kids-swimming-products-diving-equipment-silicone-full-face-snorkel-mask\/#primaryimage","url":"https:\/\/hubo-sports.com\/wp-content\/uploads\/2023\/09\/\u65b9\u5411\u6362\u671d\u5de6.jpg","contentUrl":"https:\/\/hubo-sports.com\/wp-content\/uploads\/2023\/09\/\u65b9\u5411\u6362\u671d\u5de6.jpg","width":800,"height":800},{"@type":"BreadcrumbList","@id":"https:\/\/hubo-sports.com\/product\/kf-6-kids-swimming-products-diving-equipment-silicone-full-face-snorkel-mask\/#breadcrumb","itemListElement":[{"@type":"ListItem","position":1,"name":"\u9996\u9875","item":"https:\/\/hubo-sports.com\/"},{"@type":"ListItem","position":2,"name":"Product","item":"https:\/\/hubosports.wxkntest.com\/product\/"},{"@type":"ListItem","position":3,"name":"HB-KF-6 Kids swimming products diving equipment silicone full face snorkel mask"}]},{"@type":"WebSite","@id":"https:\/\/hubo-sports.com\/#website","url":"https:\/\/hubo-sports.com\/","name":"Hubo","description":"","potentialAction":[{"@type":"SearchAction","target":{"@type":"EntryPoint","urlTemplate":"https:\/\/hubo-sports.com\/?s={search_term_string}"},"query-input":{"@type":"PropertyValueSpecification","valueRequired":true,"valueName":"search_term_string"}}],"inLanguage":"pt-PT"}]}},"_links":{"self":[{"href":"https:\/\/hubo-sports.com\/pt\/wp-json\/wp\/v2\/product\/7014","targetHints":{"allow":["GET"]}}],"collection":[{"href":"https:\/\/hubo-sports.com\/pt\/wp-json\/wp\/v2\/product"}],"about":[{"href":"https:\/\/hubo-sports.com\/pt\/wp-json\/wp\/v2\/types\/product"}],"wp:featuredmedia":[{"embeddable":true,"href":"https:\/\/hubo-sports.com\/pt\/wp-json\/wp\/v2\/media\/7138"}],"wp:attachment":[{"href":"https:\/\/hubo-sports.com\/pt\/wp-json\/wp\/v2\/media?parent=7014"}],"wp:term":[{"taxonomy":"products_category","embeddable":true,"href":"https:\/\/hubo-sports.com\/pt\/wp-json\/wp\/v2\/products_category?post=7014"}],"curies":[{"name":"wp","href":"https:\/\/api.w.org\/{rel}","templated":true}]}}