{"id":8505,"date":"2025-02-21T16:03:55","date_gmt":"2025-02-21T08:03:55","guid":{"rendered":"https:\/\/hubo-sports.com\/?post_type=product&#038;p=8505"},"modified":"2025-11-04T14:21:53","modified_gmt":"2025-11-04T06:21:53","slug":"heated-snow-goggles","status":"publish","type":"product","link":"https:\/\/hubo-sports.com\/es\/product\/heated-snow-goggles\/","title":{"rendered":"Las 2025 mejores gafas de nieve calefactables con tecnolog\u00eda antivaho dual: bater\u00eda recargable para esqu\u00ed y snowboard"},"content":{"rendered":"","protected":false},"featured_media":8820,"template":"","products_category":[26,35,12],"class_list":["post-8505","product","type-product","status-publish","has-post-thumbnail","hentry","products_category-adult","products_category-heated-goggles","products_category-ski-goggles"],"acf":[],"yoast_head":"<!-- This site is optimized with the Yoast SEO plugin v27.3 - https:\/\/yoast.com\/product\/yoast-seo-wordpress\/ -->\n<title>heated-snow-goggles-with-dual-anti-fog-for-skiing<\/title>\n<meta name=\"description\" content=\"Luxury Heated Ski Mask Combo \u2013 Integrated Goggle Heating &amp; Face Warme\uff0cCylindrical Lens Magnetic\uff0cAdjustable Strap\" \/>\n<meta name=\"robots\" content=\"index, follow, max-snippet:-1, max-image-preview:large, max-video-preview:-1\" \/>\n<link rel=\"canonical\" href=\"https:\/\/hubo-sports.com\/es\/product\/heated-snow-goggles\/\" \/>\n<meta property=\"og:locale\" content=\"es_ES\" \/>\n<meta property=\"og:type\" content=\"article\" \/>\n<meta property=\"og:title\" content=\"heated-snow-goggles-with-dual-anti-fog-for-skiing\" \/>\n<meta property=\"og:description\" content=\"Luxury Heated Ski Mask Combo \u2013 Integrated Goggle Heating &amp; Face Warme\uff0cCylindrical Lens Magnetic\uff0cAdjustable Strap\" \/>\n<meta property=\"og:url\" content=\"https:\/\/hubo-sports.com\/es\/product\/heated-snow-goggles\/\" \/>\n<meta property=\"og:site_name\" content=\"Hubo\" \/>\n<meta property=\"article:modified_time\" content=\"2025-11-04T06:21:53+00:00\" \/>\n<meta property=\"og:image\" content=\"https:\/\/hubo-sports.com\/wp-content\/uploads\/2025\/02\/HB-31-MX-GOGGLES-ANTI-SCRATCH-5.jpg\" \/>\n\t<meta property=\"og:image:width\" content=\"800\" \/>\n\t<meta property=\"og:image:height\" content=\"800\" \/>\n\t<meta property=\"og:image:type\" content=\"image\/jpeg\" \/>\n<meta name=\"twitter:card\" content=\"summary_large_image\" \/>\n<script type=\"application\/ld+json\" class=\"yoast-schema-graph\">{\"@context\":\"https:\\\/\\\/schema.org\",\"@graph\":[{\"@type\":\"WebPage\",\"@id\":\"https:\\\/\\\/hubo-sports.com\\\/product\\\/heated-snow-goggles\\\/\",\"url\":\"https:\\\/\\\/hubo-sports.com\\\/product\\\/heated-snow-goggles\\\/\",\"name\":\"heated-snow-goggles-with-dual-anti-fog-for-skiing\",\"isPartOf\":{\"@id\":\"https:\\\/\\\/hubo-sports.com\\\/#website\"},\"primaryImageOfPage\":{\"@id\":\"https:\\\/\\\/hubo-sports.com\\\/product\\\/heated-snow-goggles\\\/#primaryimage\"},\"image\":{\"@id\":\"https:\\\/\\\/hubo-sports.com\\\/product\\\/heated-snow-goggles\\\/#primaryimage\"},\"thumbnailUrl\":\"https:\\\/\\\/hubo-sports.com\\\/wp-content\\\/uploads\\\/2025\\\/02\\\/HB-31-MX-GOGGLES-ANTI-SCRATCH-5.jpg\",\"datePublished\":\"2025-02-21T08:03:55+00:00\",\"dateModified\":\"2025-11-04T06:21:53+00:00\",\"description\":\"Luxury Heated Ski Mask Combo \u2013 Integrated Goggle Heating & Face Warme\uff0cCylindrical Lens Magnetic\uff0cAdjustable Strap\",\"breadcrumb\":{\"@id\":\"https:\\\/\\\/hubo-sports.com\\\/product\\\/heated-snow-goggles\\\/#breadcrumb\"},\"inLanguage\":\"es\",\"potentialAction\":[{\"@type\":\"ReadAction\",\"target\":[\"https:\\\/\\\/hubo-sports.com\\\/product\\\/heated-snow-goggles\\\/\"]}]},{\"@type\":\"ImageObject\",\"inLanguage\":\"es\",\"@id\":\"https:\\\/\\\/hubo-sports.com\\\/product\\\/heated-snow-goggles\\\/#primaryimage\",\"url\":\"https:\\\/\\\/hubo-sports.com\\\/wp-content\\\/uploads\\\/2025\\\/02\\\/HB-31-MX-GOGGLES-ANTI-SCRATCH-5.jpg\",\"contentUrl\":\"https:\\\/\\\/hubo-sports.com\\\/wp-content\\\/uploads\\\/2025\\\/02\\\/HB-31-MX-GOGGLES-ANTI-SCRATCH-5.jpg\",\"width\":800,\"height\":800},{\"@type\":\"BreadcrumbList\",\"@id\":\"https:\\\/\\\/hubo-sports.com\\\/product\\\/heated-snow-goggles\\\/#breadcrumb\",\"itemListElement\":[{\"@type\":\"ListItem\",\"position\":1,\"name\":\"\u9996\u9875\",\"item\":\"https:\\\/\\\/hubo-sports.com\\\/\"},{\"@type\":\"ListItem\",\"position\":2,\"name\":\"Product\",\"item\":\"https:\\\/\\\/hubosports.wxkntest.com\\\/product\\\/\"},{\"@type\":\"ListItem\",\"position\":3,\"name\":\"Top 2025 Heated Snow Goggles with Dual Anti-Fog Tech \u2013 Rechargeable Battery for Skiing\\\/Snowboarding\"}]},{\"@type\":\"WebSite\",\"@id\":\"https:\\\/\\\/hubo-sports.com\\\/#website\",\"url\":\"https:\\\/\\\/hubo-sports.com\\\/\",\"name\":\"Hubo\",\"description\":\"\",\"potentialAction\":[{\"@type\":\"SearchAction\",\"target\":{\"@type\":\"EntryPoint\",\"urlTemplate\":\"https:\\\/\\\/hubo-sports.com\\\/?s={search_term_string}\"},\"query-input\":{\"@type\":\"PropertyValueSpecification\",\"valueRequired\":true,\"valueName\":\"search_term_string\"}}],\"inLanguage\":\"es\"}]}<\/script>\n<!-- \/ Yoast SEO plugin. -->","yoast_head_json":{"title":"heated-snow-goggles-with-dual-anti-fog-for-skiing","description":"Luxury Heated Ski Mask Combo \u2013 Integrated Goggle Heating & Face Warme\uff0cCylindrical Lens Magnetic\uff0cAdjustable Strap","robots":{"index":"index","follow":"follow","max-snippet":"max-snippet:-1","max-image-preview":"max-image-preview:large","max-video-preview":"max-video-preview:-1"},"canonical":"https:\/\/hubo-sports.com\/es\/product\/heated-snow-goggles\/","og_locale":"es_ES","og_type":"article","og_title":"heated-snow-goggles-with-dual-anti-fog-for-skiing","og_description":"Luxury Heated Ski Mask Combo \u2013 Integrated Goggle Heating & Face Warme\uff0cCylindrical Lens Magnetic\uff0cAdjustable Strap","og_url":"https:\/\/hubo-sports.com\/es\/product\/heated-snow-goggles\/","og_site_name":"Hubo","article_modified_time":"2025-11-04T06:21:53+00:00","og_image":[{"width":800,"height":800,"url":"https:\/\/hubo-sports.com\/wp-content\/uploads\/2025\/02\/HB-31-MX-GOGGLES-ANTI-SCRATCH-5.jpg","type":"image\/jpeg"}],"twitter_card":"summary_large_image","schema":{"@context":"https:\/\/schema.org","@graph":[{"@type":"WebPage","@id":"https:\/\/hubo-sports.com\/product\/heated-snow-goggles\/","url":"https:\/\/hubo-sports.com\/product\/heated-snow-goggles\/","name":"heated-snow-goggles-with-dual-anti-fog-for-skiing","isPartOf":{"@id":"https:\/\/hubo-sports.com\/#website"},"primaryImageOfPage":{"@id":"https:\/\/hubo-sports.com\/product\/heated-snow-goggles\/#primaryimage"},"image":{"@id":"https:\/\/hubo-sports.com\/product\/heated-snow-goggles\/#primaryimage"},"thumbnailUrl":"https:\/\/hubo-sports.com\/wp-content\/uploads\/2025\/02\/HB-31-MX-GOGGLES-ANTI-SCRATCH-5.jpg","datePublished":"2025-02-21T08:03:55+00:00","dateModified":"2025-11-04T06:21:53+00:00","description":"Luxury Heated Ski Mask Combo \u2013 Integrated Goggle Heating & Face Warme\uff0cCylindrical Lens Magnetic\uff0cAdjustable Strap","breadcrumb":{"@id":"https:\/\/hubo-sports.com\/product\/heated-snow-goggles\/#breadcrumb"},"inLanguage":"es","potentialAction":[{"@type":"ReadAction","target":["https:\/\/hubo-sports.com\/product\/heated-snow-goggles\/"]}]},{"@type":"ImageObject","inLanguage":"es","@id":"https:\/\/hubo-sports.com\/product\/heated-snow-goggles\/#primaryimage","url":"https:\/\/hubo-sports.com\/wp-content\/uploads\/2025\/02\/HB-31-MX-GOGGLES-ANTI-SCRATCH-5.jpg","contentUrl":"https:\/\/hubo-sports.com\/wp-content\/uploads\/2025\/02\/HB-31-MX-GOGGLES-ANTI-SCRATCH-5.jpg","width":800,"height":800},{"@type":"BreadcrumbList","@id":"https:\/\/hubo-sports.com\/product\/heated-snow-goggles\/#breadcrumb","itemListElement":[{"@type":"ListItem","position":1,"name":"\u9996\u9875","item":"https:\/\/hubo-sports.com\/"},{"@type":"ListItem","position":2,"name":"Product","item":"https:\/\/hubosports.wxkntest.com\/product\/"},{"@type":"ListItem","position":3,"name":"Top 2025 Heated Snow Goggles with Dual Anti-Fog Tech \u2013 Rechargeable Battery for Skiing\/Snowboarding"}]},{"@type":"WebSite","@id":"https:\/\/hubo-sports.com\/#website","url":"https:\/\/hubo-sports.com\/","name":"Hubo","description":"","potentialAction":[{"@type":"SearchAction","target":{"@type":"EntryPoint","urlTemplate":"https:\/\/hubo-sports.com\/?s={search_term_string}"},"query-input":{"@type":"PropertyValueSpecification","valueRequired":true,"valueName":"search_term_string"}}],"inLanguage":"es"}]}},"_links":{"self":[{"href":"https:\/\/hubo-sports.com\/es\/wp-json\/wp\/v2\/product\/8505","targetHints":{"allow":["GET"]}}],"collection":[{"href":"https:\/\/hubo-sports.com\/es\/wp-json\/wp\/v2\/product"}],"about":[{"href":"https:\/\/hubo-sports.com\/es\/wp-json\/wp\/v2\/types\/product"}],"wp:featuredmedia":[{"embeddable":true,"href":"https:\/\/hubo-sports.com\/es\/wp-json\/wp\/v2\/media\/8820"}],"wp:attachment":[{"href":"https:\/\/hubo-sports.com\/es\/wp-json\/wp\/v2\/media?parent=8505"}],"wp:term":[{"taxonomy":"products_category","embeddable":true,"href":"https:\/\/hubo-sports.com\/es\/wp-json\/wp\/v2\/products_category?post=8505"}],"curies":[{"name":"wp","href":"https:\/\/api.w.org\/{rel}","templated":true}]}}