{"id":4573,"date":"2023-06-13T07:08:26","date_gmt":"2023-06-13T07:08:26","guid":{"rendered":"https:\/\/hubo-sports.com\/?page_id=4573"},"modified":"2025-06-23T13:42:09","modified_gmt":"2025-06-23T05:42:09","slug":"case-studies","status":"publish","type":"page","link":"https:\/\/hubo-sports.com\/es\/case-studies\/","title":{"rendered":"Estudios de caso"},"content":{"rendered":"<div data-elementor-type=\"wp-page\" data-elementor-id=\"4573\" class=\"elementor elementor-4573\">\n\t\t\t\t\t\t\t<div class=\"elementor-element elementor-element-4f51df1 e-con-boxed e-con\" data-id=\"4f51df1\" data-element_type=\"container\" data-settings=\"{&quot;background_background&quot;:&quot;classic&quot;,&quot;content_width&quot;:&quot;boxed&quot;}\">\n\t\t\t\t\t<div class=\"e-con-inner\">\n\t\t<div class=\"elementor-element elementor-element-d82fae2 e-con-full e-con\" data-id=\"d82fae2\" data-element_type=\"container\" data-settings=\"{&quot;content_width&quot;:&quot;full&quot;}\">\n\t\t\t\t<div class=\"elementor-element elementor-element-7b28b1d animated-slow elementor-invisible elementor-widget elementor-widget-heading\" data-id=\"7b28b1d\" data-element_type=\"widget\" data-settings=\"{&quot;_animation&quot;:&quot;fadeInUp&quot;}\" data-widget_type=\"heading.default\">\n\t\t\t\t<div class=\"elementor-widget-container\">\n\t\t\t<h1 class=\"elementor-heading-title elementor-size-default\">Estudios de caso<\/h1>\t\t<\/div>\n\t\t\t\t<\/div>\n\t\t\t\t<div class=\"elementor-element elementor-element-48ebf3d animated-slow elementor-invisible elementor-widget elementor-widget-text-editor\" data-id=\"48ebf3d\" data-element_type=\"widget\" data-settings=\"{&quot;_animation&quot;:&quot;fadeInUp&quot;}\" data-widget_type=\"text-editor.default\">\n\t\t\t\t<div class=\"elementor-widget-container\">\n\t\t\t\t\t\t\tExplore algunos estudios de casos exitosos de Hubo y descubra nuestras experiencias y estrategias, junto con c\u00f3mo colaboramos con socios para brindar productos excepcionales y soluciones personalizadas que ayuden a nuestros clientes a destacarse en el mercado.\t\t\t\t\t\t<\/div>\n\t\t\t\t<\/div>\n\t\t\t\t<\/div>\n\t\t\t\t\t<\/div>\n\t\t\t\t<\/div>\n\t\t<div class=\"elementor-element elementor-element-92ef449 e-con-boxed e-con\" data-id=\"92ef449\" data-element_type=\"container\" data-settings=\"{&quot;background_background&quot;:&quot;classic&quot;,&quot;content_width&quot;:&quot;boxed&quot;}\">\n\t\t\t\t\t<div class=\"e-con-inner\">\n\t\t\t\t<div class=\"elementor-element elementor-element-3bd4fcf elementor-widget elementor-widget-inf_breadcrumbs\" data-id=\"3bd4fcf\" data-element_type=\"widget\" data-widget_type=\"inf_breadcrumbs.default\">\n\t\t\t\t<div class=\"elementor-widget-container\">\n\t\t\t\t\t<div id=\"infility_position\" class=''>\n\t\t\t\t\t\t\t\t\t\t\t<p class='0'>\n\t\t\t\t\t<a href=\"\/es\/\" >\t\t\t\t\t\tHogar\t\t\t\t\t<\/a>\t\t\t\t<\/p>\n\t\t\t\t\t\t\t <span>><\/span> \t\t\t\t<p class='this'>\n\t\t\t\t\t\t\t\t\t\t\t\t\t\t\t\t\t\t\t\t<\/p>\n\t\t\t\t\t<\/div>\n\t\t<\/div>\n\t\t\t\t<\/div>\n\t\t\t\t\t<\/div>\n\t\t\t\t<\/div>\n\t\t<div class=\"elementor-element elementor-element-fe77558 e-con-boxed e-con\" data-id=\"fe77558\" data-element_type=\"container\" data-settings=\"{&quot;background_background&quot;:&quot;classic&quot;,&quot;content_width&quot;:&quot;boxed&quot;}\">\n\t\t\t\t\t<div class=\"e-con-inner\">\n\t\t\t\t<div class=\"elementor-element elementor-element-8e4a94e animated-slow elementor-invisible elementor-widget elementor-widget-heading\" data-id=\"8e4a94e\" data-element_type=\"widget\" data-settings=\"{&quot;_animation&quot;:&quot;fadeInUp&quot;}\" data-widget_type=\"heading.default\">\n\t\t\t\t<div class=\"elementor-widget-container\">\n\t\t\t<h2 class=\"elementor-heading-title elementor-size-default\">Historias de soluciones de nuestros clientes<\/h2>\t\t<\/div>\n\t\t\t\t<\/div>\n\t\t\t\t<div class=\"elementor-element elementor-element-7581593 animated-slow elementor-invisible elementor-widget elementor-widget-text-editor\" data-id=\"7581593\" data-element_type=\"widget\" data-settings=\"{&quot;_animation&quot;:&quot;fadeInUp&quot;}\" data-widget_type=\"text-editor.default\">\n\t\t\t\t<div class=\"elementor-widget-container\">\n\t\t\t\t\t\t\tCompruebe nuestro \u00e9xito durante a\u00f1os como se muestra a continuaci\u00f3n.\t\t\t\t\t\t<\/div>\n\t\t\t\t<\/div>\n\t\t<div class=\"elementor-element elementor-element-238434a e-con-boxed e-con\" data-id=\"238434a\" data-element_type=\"container\" data-settings=\"{&quot;content_width&quot;:&quot;boxed&quot;}\">\n\t\t\t\t\t<div class=\"e-con-inner\">\n\t\t\t\t<div class=\"elementor-element elementor-element-6cc7978 elementor-grid-3 elementor-grid-tablet-2 elementor-grid-mobile-1 elementor-widget elementor-widget-pp-posts\" data-id=\"6cc7978\" data-element_type=\"widget\" data-settings=\"{&quot;classic_autoplay&quot;:&quot;yes&quot;,&quot;classic_autoplay_speed&quot;:3000,&quot;classic_pause_on_hover&quot;:&quot;yes&quot;}\" data-widget_type=\"pp-posts.classic\">\n\t\t\t\t<div class=\"elementor-widget-container\">\n\t\t\t\t\t<div class=\"pp-posts-container swiper-container-wrap swiper-container-wrap-dots-outside\">\n\t\t\t\n\t\t\t\n\t\t\t<div class=\"pp-posts pp-posts-skin-classic pp-posts-carousel pp-swiper-slider swiper-container\" data-query-type=\"custom\" data-layout=\"carousel\" data-page=\"4573\" data-skin=\"classic\" data-slider-settings=\"{&quot;direction&quot;:&quot;horizontal&quot;,&quot;effect&quot;:&quot;slide&quot;,&quot;speed&quot;:600,&quot;slidesPerView&quot;:3,&quot;slidesPerGroup&quot;:1,&quot;autoHeight&quot;:true,&quot;watchSlidesVisibility&quot;:true,&quot;centeredSlides&quot;:false,&quot;loop&quot;:true,&quot;autoplay&quot;:{&quot;delay&quot;:3000,&quot;pauseOnHover&quot;:true,&quot;disableOnInteraction&quot;:true},&quot;navigation&quot;:{&quot;nextEl&quot;:&quot;.swiper-button-next-6cc7978&quot;,&quot;prevEl&quot;:&quot;.swiper-button-prev-6cc7978&quot;},&quot;breakpoints&quot;:{&quot;1025&quot;:{&quot;slidesPerView&quot;:3,&quot;slidesPerGroup&quot;:1},&quot;768&quot;:{&quot;slidesPerView&quot;:2,&quot;slidesPerGroup&quot;:1},&quot;320&quot;:{&quot;slidesPerView&quot;:1,&quot;slidesPerGroup&quot;:1}}}\">\n\t\t\t\t<div class=\"swiper-wrapper\">\t\t\t\t\t\t\t<div class=\"pp-post-wrap pp-carousel-item-wrap swiper-slide post-4665 post type-post status-publish format-standard has-post-thumbnail hentry category-case-studies\">\n\t\t\t\t\t\t<div class=\"pp-post pp-carousel-item\">\n\t\t\t\t\t\t<div class=\"pp-post-thumbnail\">\n\t\t\t<div class=\"pp-post-thumbnail-wrap\">\n\t\t\t\t<a href=\"https:\/\/hubo-sports.com\/es\/for-start-ups-project\/\" title=\"Para empresas emergentes\"><img loading=\"lazy\" decoding=\"async\" width=\"800\" height=\"533\" src=\"https:\/\/hubo-sports.com\/wp-content\/uploads\/2023\/05\/p03-1.22.webp\" class=\"attachment-large size-large wp-image-3117\" alt=\"para proyectos de marcas\" srcset=\"https:\/\/hubo-sports.com\/wp-content\/uploads\/2023\/05\/p03-1.22.webp 900w, https:\/\/hubo-sports.com\/wp-content\/uploads\/2023\/05\/p03-1.22-300x200.webp 300w, https:\/\/hubo-sports.com\/wp-content\/uploads\/2023\/05\/p03-1.22-768x512.webp 768w, https:\/\/hubo-sports.com\/wp-content\/uploads\/2023\/05\/p03-1.22-600x400.webp 600w\" sizes=\"auto, (max-width: 800px) 100vw, 800px\" \/><\/a>\t\t\t<\/div>\n\t\t<\/div>\n\t\t\n\t\t\t\t\n\t\t\t\t<div class=\"pp-post-content\">\n\t\t\t\t\t\t\t\t\t\t\t<h2 class=\"pp-post-title\">\n\t\t\t\t<a href=\"https:\/\/hubo-sports.com\/es\/for-start-ups-project\/\">Para empresas emergentes<\/a>\t\t\t<\/h2>\n\t\t\t\t\t\t\t<div class=\"pp-post-excerpt\">\n\t\t\tHubo comprende los desaf\u00edos que enfrentan las startups al lanzar nuevos productos. Las ayudamos a lanzar nuevos productos aprovechando nuestra experiencia en el sector, precios competitivos y gafas, servicios y soporte de primera calidad. Nuestra colaboraci\u00f3n permite a las startups impulsar sus ventas e ingresos. Para quienes buscan desarrollar sus propias gafas, nuestros casos pr\u00e1cticos ofrecen informaci\u00f3n valiosa e inspiraci\u00f3n.\t\t<\/div>\n\t\t\t\t\t\t\t\t<a class=\"pp-posts-button elementor-button elementor-size-sm\" href=\"https:\/\/hubo-sports.com\/es\/for-start-ups-project\/\" title=\"Para empresas emergentes\" aria-label=\"Leer m\u00e1s sobre Para Start-ups\">\n\t\t\t\t\t\t\t\t\t\t<span class=\"pp-button-text\">\n\t\t\t\t\tM\u00e1s informaci\u00f3n\t\t\t\t<\/span>\n\t\t\t\t\t\t\t\t\t<span class=\"pp-button-icon elementor-button-icon elementor-align-icon-right\">\n\t\t\t\t\t\t\t<\/span>\n\t\t\t\t\t<\/a>\n\t\t\t\t\t\t\t\t<\/div>\n\n\t\t\t\t\t\t\t<\/div>\n\t\t\t\t\t<\/div>\n\t\t\t\t<div class=\"pp-post-wrap pp-carousel-item-wrap swiper-slide post-4594 post type-post status-publish format-standard has-post-thumbnail hentry category-case-studies\">\n\t\t\t\t\t\t<div class=\"pp-post pp-carousel-item\">\n\t\t\t\t\t\t<div class=\"pp-post-thumbnail\">\n\t\t\t<div class=\"pp-post-thumbnail-wrap\">\n\t\t\t\t<a href=\"https:\/\/hubo-sports.com\/es\/for-big-brands\/\" title=\"Para mega negocios\"><img loading=\"lazy\" decoding=\"async\" width=\"800\" height=\"533\" src=\"https:\/\/hubo-sports.com\/wp-content\/uploads\/2023\/05\/P03-04-3.webp\" class=\"attachment-large size-large wp-image-2950\" alt=\"megaempresa\" srcset=\"https:\/\/hubo-sports.com\/wp-content\/uploads\/2023\/05\/P03-04-3.webp 900w, https:\/\/hubo-sports.com\/wp-content\/uploads\/2023\/05\/P03-04-3-300x200.webp 300w, https:\/\/hubo-sports.com\/wp-content\/uploads\/2023\/05\/P03-04-3-768x512.webp 768w, https:\/\/hubo-sports.com\/wp-content\/uploads\/2023\/05\/P03-04-3-600x400.webp 600w\" sizes=\"auto, (max-width: 800px) 100vw, 800px\" \/><\/a>\t\t\t<\/div>\n\t\t<\/div>\n\t\t\n\t\t\t\t\n\t\t\t\t<div class=\"pp-post-content\">\n\t\t\t\t\t\t\t\t\t\t\t<h2 class=\"pp-post-title\">\n\t\t\t\t<a href=\"https:\/\/hubo-sports.com\/es\/for-big-brands\/\">Para mega negocios<\/a>\t\t\t<\/h2>\n\t\t\t\t\t\t\t<div class=\"pp-post-excerpt\">\n\t\t\tHubo comprende la importancia de la personalizaci\u00f3n para las marcas que buscan destacar en un mercado competitivo. Nuestra f\u00e1brica cuenta con una s\u00f3lida capacidad de apertura de moldes para satisfacer sus necesidades espec\u00edficas al desarrollar nuevos productos, manteniendo nuestro compromiso con la calidad y precios competitivos. Nuestros casos pr\u00e1cticos pueden brindarle informaci\u00f3n valiosa e inspiraci\u00f3n para su negocio, mostr\u00e1ndole c\u00f3mo podemos ayudarle a diferenciar sus productos e impulsar las ventas.\t\t<\/div>\n\t\t\t\t\t\t\t\t<a class=\"pp-posts-button elementor-button elementor-size-sm\" href=\"https:\/\/hubo-sports.com\/es\/for-big-brands\/\" title=\"Para mega negocios\" aria-label=\"Lea m\u00e1s sobre Para Mega Negocios\">\n\t\t\t\t\t\t\t\t\t\t<span class=\"pp-button-text\">\n\t\t\t\t\tM\u00e1s informaci\u00f3n\t\t\t\t<\/span>\n\t\t\t\t\t\t\t\t\t<span class=\"pp-button-icon elementor-button-icon elementor-align-icon-right\">\n\t\t\t\t\t\t\t<\/span>\n\t\t\t\t\t<\/a>\n\t\t\t\t\t\t\t\t<\/div>\n\n\t\t\t\t\t\t\t<\/div>\n\t\t\t\t\t<\/div>\n\t\t\t\t<div class=\"pp-post-wrap pp-carousel-item-wrap swiper-slide post-4592 post type-post status-publish format-standard has-post-thumbnail hentry category-case-studies\">\n\t\t\t\t\t\t<div class=\"pp-post pp-carousel-item\">\n\t\t\t\t\t\t<div class=\"pp-post-thumbnail\">\n\t\t\t<div class=\"pp-post-thumbnail-wrap\">\n\t\t\t\t<a href=\"https:\/\/hubo-sports.com\/es\/for-traders\/\" title=\"Para comerciantes\"><img loading=\"lazy\" decoding=\"async\" width=\"800\" height=\"533\" src=\"https:\/\/hubo-sports.com\/wp-content\/uploads\/2023\/05\/P03-04-1.webp\" class=\"attachment-large size-large wp-image-2328\" alt=\"comerciantes\" srcset=\"https:\/\/hubo-sports.com\/wp-content\/uploads\/2023\/05\/P03-04-1.webp 900w, https:\/\/hubo-sports.com\/wp-content\/uploads\/2023\/05\/P03-04-1-300x200.webp 300w, https:\/\/hubo-sports.com\/wp-content\/uploads\/2023\/05\/P03-04-1-768x512.webp 768w, https:\/\/hubo-sports.com\/wp-content\/uploads\/2023\/05\/P03-04-1-600x400.webp 600w\" sizes=\"auto, (max-width: 800px) 100vw, 800px\" \/><\/a>\t\t\t<\/div>\n\t\t<\/div>\n\t\t\n\t\t\t\t\n\t\t\t\t<div class=\"pp-post-content\">\n\t\t\t\t\t\t\t\t\t\t\t<h2 class=\"pp-post-title\">\n\t\t\t\t<a href=\"https:\/\/hubo-sports.com\/es\/for-traders\/\">Para comerciantes<\/a>\t\t\t<\/h2>\n\t\t\t\t\t\t\t<div class=\"pp-post-excerpt\">\n\t\t\tSi busca un socio confiable para sus gafas, no busque m\u00e1s. Nuestra f\u00e1brica cuenta con una alta capacidad de producci\u00f3n, un equipo profesional de I+D y una f\u00e1brica de herramientas externalizada que puede atender a su negocio con rapidez y profesionalidad. Tanto si es un peque\u00f1o comerciante como un gran distribuidor, nuestros casos pr\u00e1cticos demuestran que podemos satisfacer las necesidades de sus clientes gracias a nuestra capacidad de fabricaci\u00f3n flexible y soluciones a medida.\t\t<\/div>\n\t\t\t\t\t\t\t\t<a class=\"pp-posts-button elementor-button elementor-size-sm\" href=\"https:\/\/hubo-sports.com\/es\/for-traders\/\" title=\"Para comerciantes\" aria-label=\"Leer m\u00e1s sobre Para Traders\">\n\t\t\t\t\t\t\t\t\t\t<span class=\"pp-button-text\">\n\t\t\t\t\tM\u00e1s informaci\u00f3n\t\t\t\t<\/span>\n\t\t\t\t\t\t\t\t\t<span class=\"pp-button-icon elementor-button-icon elementor-align-icon-right\">\n\t\t\t\t\t\t\t<\/span>\n\t\t\t\t\t<\/a>\n\t\t\t\t\t\t\t\t<\/div>\n\n\t\t\t\t\t\t\t<\/div>\n\t\t\t\t\t<\/div>\n\t\t\t\t\t\t<\/div>\t\t\t<\/div>\n\t\t\t\t\t\t\t<div class=\"pp-slider-arrow pp-arrow-prev swiper-button-prev swiper-button-prev-6cc7978\">\n\t\t\t\t\t<i aria-hidden=\"true\" class=\"fas fa-angle-left\"><\/i>\t\t\t\t<\/div>\n\t\t\t\t<div class=\"pp-slider-arrow pp-arrow-next swiper-button-next swiper-button-next-6cc7978\">\n\t\t\t\t\t<i aria-hidden=\"true\" class=\"fas fa-angle-right\"><\/i>\t\t\t\t<\/div>\n\t\t\t\n\t\t\t\n\t\t\t\n\t\t\t\n\t\t\t\t\t<\/div>\n\n\t\t\n\t\t\t\t<\/div>\n\t\t\t\t<\/div>\n\t\t\t\t\t<\/div>\n\t\t\t\t<\/div>\n\t\t\t\t\t<\/div>\n\t\t\t\t<\/div>\n\t\t<div class=\"elementor-element elementor-element-b4610e4 e-con-boxed e-con\" data-id=\"b4610e4\" data-element_type=\"container\" data-settings=\"{&quot;background_background&quot;:&quot;classic&quot;,&quot;content_width&quot;:&quot;boxed&quot;}\">\n\t\t\t\t\t<div class=\"e-con-inner\">\n\t\t\t\t<div class=\"elementor-element elementor-element-0b92c3e animated-slow elementor-invisible elementor-widget elementor-widget-heading\" data-id=\"0b92c3e\" data-element_type=\"widget\" data-settings=\"{&quot;_animation&quot;:&quot;fadeInUp&quot;}\" data-widget_type=\"heading.default\">\n\t\t\t\t<div class=\"elementor-widget-container\">\n\t\t\t<h2 class=\"elementor-heading-title elementor-size-default\">\u00bfListo para obtener una cotizaci\u00f3n?<\/h2>\t\t<\/div>\n\t\t\t\t<\/div>\n\t\t\t\t<div class=\"elementor-element elementor-element-5690fbd animated-slow elementor-invisible elementor-widget elementor-widget-text-editor\" data-id=\"5690fbd\" data-element_type=\"widget\" data-settings=\"{&quot;_animation&quot;:&quot;fadeInUp&quot;}\" data-widget_type=\"text-editor.default\">\n\t\t\t\t<div class=\"elementor-widget-container\">\n\t\t\t\t\t\t\tAprovecha nuestra red y descubre lo que podemos hacer por ti.\t\t\t\t\t\t<\/div>\n\t\t\t\t<\/div>\n\t\t\t\t<div class=\"elementor-element elementor-element-4556c03 pp-buttons-halign-center animated-slow pp-buttons-valign-middle pp-buttons-stack-none elementor-invisible elementor-widget elementor-widget-pp-buttons\" data-id=\"4556c03\" data-element_type=\"widget\" data-settings=\"{&quot;_animation&quot;:&quot;fadeInUp&quot;}\" data-widget_type=\"pp-buttons.default\">\n\t\t\t\t<div class=\"elementor-widget-container\">\n\t\t\t\t\t<div class=\"pp-buttons-group\">\n\t\t\t\t\t\t\t\t\t\t\t<a href=\"https:\/\/hubo-sports.com\/es\/contact-us\/\" class=\"pp-button elementor-button elementor-size-sm elementor-repeater-item-592aa76\">\n\t\t\t\t\t<div class=\"pp-button-content-wrapper\">\n\t\t\t\t\t\t<span class=\"pp-button-content-inner pp-icon-before\">\n\t\t\t\t\t\t\t\t\t\t\t\t\t\t\t<span class=\"pp-buttons-icon-wrapper\">\n\t\t\t\t\t\t\t\t\t\t\t\t\t\t\t\t\t\t\t\t<span class=\"pp-button-icon pp-icon\">\n\t\t\t\t\t\t\t\t\t\t\t\t<i class=\"pp-button-icon fas fa-chevron-right\" aria-hidden=\"true\"><\/i>\t\t\t\t\t\t\t\t\t\t\t<\/span>\n\t\t\t\t\t\t\t\t\t\t\t\t\t\t\t\t\t\t\t<\/span>\n\t\t\t\t\t\t\t\t\t\t\t\t\t\t\t\t\n\t\t\t\t\t\t\t\t<span class=\"pp-button-title\">\n\t\t\t\t\t\t\t\t\tObtenga su cotizaci\u00f3n instant\u00e1nea\t\t\t\t\t\t\t\t<\/span>\n\t\t\t\t\t\t\t\t\t\t\t\t\t<\/span>\n\t\t\t\t\t<\/div>\n\t\t\t\t<\/a>\n\t\t\t\t\t\t\t\t\t\t<\/div>\t\t<\/div>\n\t\t\t\t<\/div>\n\t\t\t\t\t<\/div>\n\t\t\t\t<\/div>\n\t\t\t\t\t\t\t<\/div>","protected":false},"excerpt":{"rendered":"<p>Casos de \u00e9xito Explore algunos casos de \u00e9xito de Hubo y descubra nuestras experiencias y estrategias, adem\u00e1s de c\u00f3mo colaboramos con nuestros socios para ofrecer productos excepcionales y soluciones personalizadas que ayudan a nuestros clientes a destacar en el mercado. Inicio &gt; Casos de \u00e9xito de nuestros clientes. Consulte nuestros a\u00f1os de \u00e9xito a continuaci\u00f3n. Para startups, Hubo [\u2026]<\/p>","protected":false},"author":2,"featured_media":0,"parent":0,"menu_order":0,"comment_status":"closed","ping_status":"closed","template":"","meta":{"two_page_speed":[],"footnotes":""},"class_list":["post-4573","page","type-page","status-publish","hentry"],"acf":[],"yoast_head":"<!-- This site is optimized with the Yoast SEO plugin v27.3 - https:\/\/yoast.com\/product\/yoast-seo-wordpress\/ -->\n<title>Custom Goggle Case Studies | Hubo<\/title>\n<meta name=\"description\" content=\"Explore our premium goggles products and personalized solutions through successful case studies, showcasing our expertise.\" \/>\n<meta name=\"robots\" content=\"index, follow, max-snippet:-1, max-image-preview:large, max-video-preview:-1\" \/>\n<link rel=\"canonical\" href=\"https:\/\/hubo-sports.com\/es\/case-studies\/\" \/>\n<meta property=\"og:locale\" content=\"es_ES\" \/>\n<meta property=\"og:type\" content=\"article\" \/>\n<meta property=\"og:title\" content=\"Custom Goggle Case Studies | Hubo\" \/>\n<meta property=\"og:description\" content=\"Explore our premium goggles products and personalized solutions through successful case studies, showcasing our expertise.\" \/>\n<meta property=\"og:url\" content=\"https:\/\/hubo-sports.com\/es\/case-studies\/\" \/>\n<meta property=\"og:site_name\" content=\"Hubo\" \/>\n<meta property=\"article:modified_time\" content=\"2025-06-23T05:42:09+00:00\" \/>\n<meta property=\"og:image\" content=\"https:\/\/hubo-sports.com\/wp-content\/uploads\/2023\/05\/p03-1.22.webp\" \/>\n<meta name=\"twitter:card\" content=\"summary_large_image\" \/>\n<meta name=\"twitter:label1\" content=\"Tiempo de lectura\" \/>\n\t<meta name=\"twitter:data1\" content=\"9 minutos\" \/>\n<script type=\"application\/ld+json\" class=\"yoast-schema-graph\">{\"@context\":\"https:\\\/\\\/schema.org\",\"@graph\":[{\"@type\":\"WebPage\",\"@id\":\"https:\\\/\\\/hubo-sports.com\\\/case-studies\\\/\",\"url\":\"https:\\\/\\\/hubo-sports.com\\\/case-studies\\\/\",\"name\":\"Custom Goggle Case Studies | Hubo\",\"isPartOf\":{\"@id\":\"https:\\\/\\\/hubo-sports.com\\\/#website\"},\"primaryImageOfPage\":{\"@id\":\"https:\\\/\\\/hubo-sports.com\\\/case-studies\\\/#primaryimage\"},\"image\":{\"@id\":\"https:\\\/\\\/hubo-sports.com\\\/case-studies\\\/#primaryimage\"},\"thumbnailUrl\":\"https:\\\/\\\/hubo-sports.com\\\/wp-content\\\/uploads\\\/2023\\\/05\\\/p03-1.22.webp\",\"datePublished\":\"2023-06-13T07:08:26+00:00\",\"dateModified\":\"2025-06-23T05:42:09+00:00\",\"description\":\"Explore our premium goggles products and personalized solutions through successful case studies, showcasing our expertise.\",\"breadcrumb\":{\"@id\":\"https:\\\/\\\/hubo-sports.com\\\/case-studies\\\/#breadcrumb\"},\"inLanguage\":\"es\",\"potentialAction\":[{\"@type\":\"ReadAction\",\"target\":[\"https:\\\/\\\/hubo-sports.com\\\/case-studies\\\/\"]}]},{\"@type\":\"ImageObject\",\"inLanguage\":\"es\",\"@id\":\"https:\\\/\\\/hubo-sports.com\\\/case-studies\\\/#primaryimage\",\"url\":\"https:\\\/\\\/hubo-sports.com\\\/wp-content\\\/uploads\\\/2023\\\/05\\\/p03-1.22.webp\",\"contentUrl\":\"https:\\\/\\\/hubo-sports.com\\\/wp-content\\\/uploads\\\/2023\\\/05\\\/p03-1.22.webp\"},{\"@type\":\"BreadcrumbList\",\"@id\":\"https:\\\/\\\/hubo-sports.com\\\/case-studies\\\/#breadcrumb\",\"itemListElement\":[{\"@type\":\"ListItem\",\"position\":1,\"name\":\"\u9996\u9875\",\"item\":\"https:\\\/\\\/hubo-sports.com\\\/\"},{\"@type\":\"ListItem\",\"position\":2,\"name\":\"Case Studies\"}]},{\"@type\":\"WebSite\",\"@id\":\"https:\\\/\\\/hubo-sports.com\\\/#website\",\"url\":\"https:\\\/\\\/hubo-sports.com\\\/\",\"name\":\"Hubo\",\"description\":\"\",\"potentialAction\":[{\"@type\":\"SearchAction\",\"target\":{\"@type\":\"EntryPoint\",\"urlTemplate\":\"https:\\\/\\\/hubo-sports.com\\\/?s={search_term_string}\"},\"query-input\":{\"@type\":\"PropertyValueSpecification\",\"valueRequired\":true,\"valueName\":\"search_term_string\"}}],\"inLanguage\":\"es\"}]}<\/script>\n<!-- \/ Yoast SEO plugin. -->","yoast_head_json":{"title":"Custom Goggle Case Studies | Hubo","description":"Explore our premium goggles products and personalized solutions through successful case studies, showcasing our expertise.","robots":{"index":"index","follow":"follow","max-snippet":"max-snippet:-1","max-image-preview":"max-image-preview:large","max-video-preview":"max-video-preview:-1"},"canonical":"https:\/\/hubo-sports.com\/es\/case-studies\/","og_locale":"es_ES","og_type":"article","og_title":"Custom Goggle Case Studies | Hubo","og_description":"Explore our premium goggles products and personalized solutions through successful case studies, showcasing our expertise.","og_url":"https:\/\/hubo-sports.com\/es\/case-studies\/","og_site_name":"Hubo","article_modified_time":"2025-06-23T05:42:09+00:00","og_image":[{"url":"https:\/\/hubo-sports.com\/wp-content\/uploads\/2023\/05\/p03-1.22.webp","type":"","width":"","height":""}],"twitter_card":"summary_large_image","twitter_misc":{"Tiempo de lectura":"9 minutos"},"schema":{"@context":"https:\/\/schema.org","@graph":[{"@type":"WebPage","@id":"https:\/\/hubo-sports.com\/case-studies\/","url":"https:\/\/hubo-sports.com\/case-studies\/","name":"Custom Goggle Case Studies | Hubo","isPartOf":{"@id":"https:\/\/hubo-sports.com\/#website"},"primaryImageOfPage":{"@id":"https:\/\/hubo-sports.com\/case-studies\/#primaryimage"},"image":{"@id":"https:\/\/hubo-sports.com\/case-studies\/#primaryimage"},"thumbnailUrl":"https:\/\/hubo-sports.com\/wp-content\/uploads\/2023\/05\/p03-1.22.webp","datePublished":"2023-06-13T07:08:26+00:00","dateModified":"2025-06-23T05:42:09+00:00","description":"Explore our premium goggles products and personalized solutions through successful case studies, showcasing our expertise.","breadcrumb":{"@id":"https:\/\/hubo-sports.com\/case-studies\/#breadcrumb"},"inLanguage":"es","potentialAction":[{"@type":"ReadAction","target":["https:\/\/hubo-sports.com\/case-studies\/"]}]},{"@type":"ImageObject","inLanguage":"es","@id":"https:\/\/hubo-sports.com\/case-studies\/#primaryimage","url":"https:\/\/hubo-sports.com\/wp-content\/uploads\/2023\/05\/p03-1.22.webp","contentUrl":"https:\/\/hubo-sports.com\/wp-content\/uploads\/2023\/05\/p03-1.22.webp"},{"@type":"BreadcrumbList","@id":"https:\/\/hubo-sports.com\/case-studies\/#breadcrumb","itemListElement":[{"@type":"ListItem","position":1,"name":"\u9996\u9875","item":"https:\/\/hubo-sports.com\/"},{"@type":"ListItem","position":2,"name":"Case Studies"}]},{"@type":"WebSite","@id":"https:\/\/hubo-sports.com\/#website","url":"https:\/\/hubo-sports.com\/","name":"Hubo","description":"","potentialAction":[{"@type":"SearchAction","target":{"@type":"EntryPoint","urlTemplate":"https:\/\/hubo-sports.com\/?s={search_term_string}"},"query-input":{"@type":"PropertyValueSpecification","valueRequired":true,"valueName":"search_term_string"}}],"inLanguage":"es"}]}},"_links":{"self":[{"href":"https:\/\/hubo-sports.com\/es\/wp-json\/wp\/v2\/pages\/4573","targetHints":{"allow":["GET"]}}],"collection":[{"href":"https:\/\/hubo-sports.com\/es\/wp-json\/wp\/v2\/pages"}],"about":[{"href":"https:\/\/hubo-sports.com\/es\/wp-json\/wp\/v2\/types\/page"}],"author":[{"embeddable":true,"href":"https:\/\/hubo-sports.com\/es\/wp-json\/wp\/v2\/users\/2"}],"replies":[{"embeddable":true,"href":"https:\/\/hubo-sports.com\/es\/wp-json\/wp\/v2\/comments?post=4573"}],"version-history":[{"count":0,"href":"https:\/\/hubo-sports.com\/es\/wp-json\/wp\/v2\/pages\/4573\/revisions"}],"wp:attachment":[{"href":"https:\/\/hubo-sports.com\/es\/wp-json\/wp\/v2\/media?parent=4573"}],"curies":[{"name":"wp","href":"https:\/\/api.w.org\/{rel}","templated":true}]}}